{"id":576,"date":"2017-10-26T07:11:48","date_gmt":"2017-10-26T07:11:48","guid":{"rendered":"https:\/\/www.vitalsignum.com\/?page_id=576"},"modified":"2020-07-28T14:02:01","modified_gmt":"2020-07-28T14:02:01","slug":"terms-and-conditions","status":"publish","type":"page","link":"https:\/\/www.vitalsignum.com\/en\/terms-and-conditions\/","title":{"rendered":"Terms and conditions"},"content":{"rendered":"<div class=\"wpb-content-wrapper\"><p>[vc_row css_animation=&#8221;&#8221; row_type=&#8221;row&#8221; use_row_as_full_screen_section=&#8221;no&#8221; type=&#8221;full_width&#8221; angled_section=&#8221;no&#8221; text_align=&#8221;left&#8221; background_image_as_pattern=&#8221;without_pattern&#8221; content_width=&#8221;grid&#8221;][vc_column][vc_column_text css=&#8221;.vc_custom_1595943731099{padding-top: 50px !important;padding-right: 20px !important;padding-bottom: 20px !important;padding-left: 20px !important;}&#8221;]<\/p>\n<h1 style=\"text-align: center;\">VITALSIGNUM OY WEBSHOP TERMS AND CONDITIONS<\/h1>\n<p>[\/vc_column_text][vc_column_text css=&#8221;.vc_custom_1595943750378{padding-right: 20px !important;padding-bottom: 20px !important;padding-left: 20px !important;}&#8221;]<\/p>\n<p style=\"text-align: center;\">Valid from August 1st 2020<\/p>\n<p>[\/vc_column_text][\/vc_column][\/vc_row][vc_row css_animation=&#8221;&#8221; row_type=&#8221;row&#8221; use_row_as_full_screen_section=&#8221;no&#8221; type=&#8221;full_width&#8221; angled_section=&#8221;no&#8221; text_align=&#8221;left&#8221; background_image_as_pattern=&#8221;without_pattern&#8221; content_width=&#8221;grid&#8221;][vc_column][vc_column_text css=&#8221;.vc_custom_1595943851738{padding-top: 20px !important;padding-right: 20px !important;padding-bottom: 40px !important;padding-left: 20px !important;}&#8221;]<strong>About the Webshop<\/strong><\/p>\n<p>The Webshop products and services are sold by VitalSignum Oy (business ID: FI27241082). The WebShop sells products to private individuals of legal age in Finland and inside the EU. Product prices include VAT. We reserve the right to change prices and shipping costs.<\/p>\n<p><strong>Placing an order<\/strong><\/p>\n<p>Products and services are primarily ordered online at https:\/\/www.vitalsignum.com using the site\u2019s shopping cart.<\/p>\n<p>All orders are followed by a confirmation e-mail that includes the price of the order and a Paytrail payment ID. Receiving payment confirmation requires providing an e-mail address at the time of order.<\/p>\n<p>When placing an order, the customer accepts the current terms and conditions.<\/p>\n<p><strong>Payment methods<\/strong><\/p>\n<p>Products and shipping costs are paid when placing an order. The Webshop accepts the following payment methods: All major credit cards and Nordea, Osuuspankki, Danske Bank, L\u00e4hiTapiola, Aktia, Nooa, Paikallisosuuspankit, S\u00e4\u00e4st\u00f6pankit, Handelsbanken, S-Pankki, \u00c5landsbanken, as well as payment cards. Payments are handled through the Paytrail Oyj website.<\/p>\n<p><strong>Payment service provider<\/strong><strong><br \/>\n<\/strong><br \/>\nPaytrail Oyj (FI21228397) has implemented the online payment system and acts as the payment service provider in cooperation with Finnish banks and credit agencies. Account statements and card payments will show Paytrail Oyj as the payment recipient. Paytrail Oyj forwards the payment to the merchant. Paytrail Oyj is a licensed payment institution. For refund claims, we ask the customers to primarily contact the supplier of the product.<\/p>\n<p>Paytrail Oyj, business ID: FI21228397<br \/>\nInnova 2<br \/>\nLutakonaukio 7<br \/>\n40100 Jyv\u00e4skyl\u00e4<br \/>\nPhone: +358 207 181830<br \/>\n<a href=\"http:\/\/www.paytrail.com\">www.paytrail.com<\/a><\/p>\n<p><strong>Prepayment<\/strong><\/p>\n<p>Products are shipped when our account information shows that payment has been received. Cash on delivery is not accepted. Orders are processed during regular opening hours once payment has been received.<\/p>\n<p><strong>Delivery<\/strong><\/p>\n<p>We deliver products on all weekdays. Depending on bank connections, shipments are made 1\u20135 weekdays after receipt of payment. Any delays in delivery will be noted on the Beat2Phone.com page.<\/p>\n<p><strong>Delivery method and delivery costs<\/strong><\/p>\n<p>Delivery costs include shipping and handling. Full delivery costs are shown once payment and delivery method are selected. Ordered items are mailed in a postal parcel.<\/p>\n<p><strong>Return and exchange policy<\/strong><\/p>\n<p>According to the Finnish Consumer Protection Act, the customer has 14 days to cancel an order. Cancellations shall be made within 14 days of delivery. The right to cancel only applies to resalable, unused products that are in their original packaging. After cancellation, the customer shall return the goods within 14 days of sending the cancellation notice.<\/p>\n<p>E-mail the cancellation notice to: <a href=\"mailto:info@vitalsignum.com\">info@vitalsignum.com<\/a><\/p>\n<p>Cancellation notifications shall include the following information:<\/p>\n<ul>\n<li>Name, address, and phone number (Customer number)<\/li>\n<li>Bank account number<\/li>\n<li>Copy of the Beat2Phone \/ VitalSignum Oy payment\/ order confirmation<\/li>\n<li>A brief description of the reason for the return<\/li>\n<\/ul>\n<p><strong>Return address:<\/strong><\/p>\n<p>Imobile Oy\/ VitalSignum Oy product returns<br \/>\nMalminkaari 10<br \/>\nFI-00700 Helsinki<br \/>\nFinland<\/p>\n<p>We do not accept returns sent over 14 days after the cancellation notice. When the return is accepted, a refund will be paid directly to the customer\u2019s account once receipt and handling have been completed.<\/p>\n<p><strong>Shipping issues and handling of defective products<\/strong><\/p>\n<p>If a product is lost during delivery or defective, or the customer has received the wrong product, the customer shall send notification of the error immediately by e-mail to info@vitalsignum.com, or by mail to:<\/p>\n<p>VitalSignum Oy<br \/>\nKuortaneenkatu 2<br \/>\n00510 Helsinki<br \/>\nFinland<\/p>\n<p>Notifications of shipping problems or defective products shall be sent within 14 days of receiving the product. If the package is damaged in transit, the customer shall file a complaint immediately at the post office.<\/p>\n<p><strong>Other terms<\/strong><\/p>\n<p>We reserve the right to change our delivery terms. Before placing an order, customers shall read the current delivery terms.<\/p>\n<p>VitalSignum Oy\u00b4s Web shop follows the VitalSignum Oy privacy policy.[\/vc_column_text][\/vc_column][\/vc_row]<\/p>\n<\/div>","protected":false},"excerpt":{"rendered":"<p>[vc_row css_animation=&#8221;&#8221; row_type=&#8221;row&#8221; use_row_as_full_screen_section=&#8221;no&#8221; type=&#8221;full_width&#8221; angled_section=&#8221;no&#8221; text_align=&#8221;left&#8221; background_image_as_pattern=&#8221;without_pattern&#8221; content_width=&#8221;grid&#8221;][vc_column][vc_column_text css=&#8221;.vc_custom_1595943731099{padding-top: 50px !important;padding-right: 20px !important;padding-bottom: 20px !important;padding-left: 20px !important;}&#8221;] VITALSIGNUM OY WEBSHOP TERMS AND CONDITIONS [\/vc_column_text][vc_column_text css=&#8221;.vc_custom_1595943750378{padding-right: 20px !important;padding-bottom: 20px !important;padding-left: 20px !important;}&#8221;] Valid from August 1st 2020 [\/vc_column_text][\/vc_column][\/vc_row][vc_row css_animation=&#8221;&#8221; row_type=&#8221;row&#8221; use_row_as_full_screen_section=&#8221;no&#8221; type=&#8221;full_width&#8221; angled_section=&#8221;no&#8221; text_align=&#8221;left&#8221; background_image_as_pattern=&#8221;without_pattern&#8221; content_width=&#8221;grid&#8221;][vc_column][vc_column_text css=&#8221;.vc_custom_1595943851738{padding-top: 20px !important;padding-right: 20px !important;padding-bottom: 40px !important;padding-left: 20px !important;}&#8221;]About the Webshop The Webshop products and services are sold by VitalSignum Oy (business ID: FI27241082). The WebShop sells products to private individuals of legal age in Finland and inside the EU. Product prices include VAT. We reserve the right to change prices and shipping costs. Placing an order Products and services are primarily ordered online at https:\/\/www.vitalsignum.com using the site\u2019s shopping cart. All orders are followed by a confirmation e-mail that includes the price of the order and a Paytrail payment ID. Receiving payment confirmation requires providing an e-mail address at the time of order&#8230;.<\/p>\n","protected":false},"author":1,"featured_media":0,"parent":0,"menu_order":0,"comment_status":"closed","ping_status":"closed","template":"","meta":{"_monsterinsights_skip_tracking":false,"_monsterinsights_sitenote_active":false,"_monsterinsights_sitenote_note":"","_monsterinsights_sitenote_category":0,"footnotes":""},"class_list":["post-576","page","type-page","status-publish","hentry"],"_links":{"self":[{"href":"https:\/\/www.vitalsignum.com\/en\/wp-json\/wp\/v2\/pages\/576","targetHints":{"allow":["GET"]}}],"collection":[{"href":"https:\/\/www.vitalsignum.com\/en\/wp-json\/wp\/v2\/pages"}],"about":[{"href":"https:\/\/www.vitalsignum.com\/en\/wp-json\/wp\/v2\/types\/page"}],"author":[{"embeddable":true,"href":"https:\/\/www.vitalsignum.com\/en\/wp-json\/wp\/v2\/users\/1"}],"replies":[{"embeddable":true,"href":"https:\/\/www.vitalsignum.com\/en\/wp-json\/wp\/v2\/comments?post=576"}],"version-history":[{"count":0,"href":"https:\/\/www.vitalsignum.com\/en\/wp-json\/wp\/v2\/pages\/576\/revisions"}],"wp:attachment":[{"href":"https:\/\/www.vitalsignum.com\/en\/wp-json\/wp\/v2\/media?parent=576"}],"curies":[{"name":"wp","href":"https:\/\/api.w.org\/{rel}","templated":true}]}}